{"id":4028,"date":"2026-05-04T11:10:37","date_gmt":"2026-05-04T10:10:37","guid":{"rendered":"http:\/\/staging.secida.com\/?page_id=4028"},"modified":"2026-05-11T17:23:07","modified_gmt":"2026-05-11T16:23:07","slug":"impressum","status":"publish","type":"page","link":"https:\/\/secida.com\/en\/impressum\/","title":{"rendered":"Imprint"},"content":{"rendered":"<div data-elementor-type=\"wp-page\" data-elementor-id=\"4028\" class=\"elementor elementor-4028\" data-elementor-post-type=\"page\">\n\t\t\t\t<div class=\"elementor-element elementor-element-7ffb9077 e-con-full e-flex e-con e-parent\" data-id=\"7ffb9077\" data-element_type=\"container\" data-e-type=\"container\" data-settings=\"{&quot;background_background&quot;:&quot;gradient&quot;}\">\n\t\t<div class=\"elementor-element elementor-element-191a9373 e-flex e-con-boxed e-con e-child\" data-id=\"191a9373\" data-element_type=\"container\" data-e-type=\"container\">\n\t\t\t\t\t<div class=\"e-con-inner\">\n\t\t\t\t<div class=\"elementor-element elementor-element-6305354e elementor-widget elementor-widget-heading\" data-id=\"6305354e\" data-element_type=\"widget\" data-e-type=\"widget\" data-settings=\"{&quot;_animation&quot;:&quot;none&quot;}\" data-widget_type=\"heading.default\">\n\t\t\t\t\t<h6 class=\"elementor-heading-title elementor-size-default\">About secida<\/h6>\t\t\t\t<\/div>\n\t\t\t\t\t<\/div>\n\t\t\t\t<\/div>\n\t\t\t\t<\/div>\n\t\t<div class=\"elementor-element elementor-element-4c27a816 e-flex e-con-boxed e-con e-parent\" data-id=\"4c27a816\" data-element_type=\"container\" data-e-type=\"container\">\n\t\t\t\t\t<div class=\"e-con-inner\">\n\t\t\t\t<div class=\"elementor-element elementor-element-7f08020d elementor-widget elementor-widget-heading\" data-id=\"7f08020d\" data-element_type=\"widget\" data-e-type=\"widget\" data-settings=\"{&quot;_animation&quot;:&quot;none&quot;,&quot;_animation_delay&quot;:200}\" data-widget_type=\"heading.default\">\n\t\t\t\t\t<h2 class=\"elementor-heading-title elementor-size-default\">Kontaktinformation<\/h2>\t\t\t\t<\/div>\n\t\t\t\t<div class=\"elementor-element elementor-element-838de82 elementor-widget__width-inherit elementor-widget elementor-widget-text-editor\" data-id=\"838de82\" data-element_type=\"widget\" data-e-type=\"widget\" data-widget_type=\"text-editor.default\">\n\t\t\t\t\t\t\t\t\t<p><strong>secida AG<\/strong><br \/><strong>R\u00fcttenscheider Str. 120<\/strong><br \/><strong>45131 Essen<\/strong><\/p><p>Email: info@secida.com<br \/>Telefon: +49 201 565 747 80<\/p><p>Sitz der Gesellschaft: Essen<br \/>Handelsregister: Amtsgericht Essen, HRB 30480<\/p><p>UST-ID-NR: DE326824621<\/p><p>Vorsitzender des Aufsichtsrats: Burkhard Grosche<br \/>Vorstand: Alpha B. Barry, Mark Benedikt Dietrich<\/p>\t\t\t\t\t\t\t\t<\/div>\n\t\t\t\t<div class=\"elementor-element elementor-element-6f8d7cc elementor-widget elementor-widget-heading\" data-id=\"6f8d7cc\" data-element_type=\"widget\" data-e-type=\"widget\" data-settings=\"{&quot;_animation&quot;:&quot;none&quot;,&quot;_animation_delay&quot;:200}\" data-widget_type=\"heading.default\">\n\t\t\t\t\t<h2 class=\"elementor-heading-title elementor-size-default\">Copyright<\/h2>\t\t\t\t<\/div>\n\t\t\t\t<div class=\"elementor-element elementor-element-67095bb elementor-widget elementor-widget-text-editor\" data-id=\"67095bb\" data-element_type=\"widget\" data-e-type=\"widget\" data-widget_type=\"text-editor.default\">\n\t\t\t\t\t\t\t\t\t<p>Unsere Website ist urheberrechtlich (Copyright) gesch\u00fctzt. Alle Rechte f\u00fcr den Inhalt und die Gestaltung vorbehalten. Der Inhalt sowie Bilder und die Gestaltung der Website unterliegen dem Urheberrechtsschutz und weiterer Gesetzte zum geistigen Eigentum der secida AG. Das vollst\u00e4ndige oder teilweise Reproduzieren, Verbreiten, \u00dcbermitteln (elektronisch oder auf andere Weise), Modifizieren oder Benutzen unserer Internet-Seiten f\u00fcr \u00f6ffentliche oder kommerzielle Zwecke ist ohne unsere vorherige schriftliche Zustimmung untersagt. Information zur genderdifferenzierten Formulierung: Der Text auf unserer Website verwendet das generische Maskulinum. Dieses spricht immer Personen an, keine M\u00e4nner, Frauen oder andere Geschlechter. Diese Formulierung ist in keiner Weise wertend zu interpretieren.<\/p>\t\t\t\t\t\t\t\t<\/div>\n\t\t\t\t<div class=\"elementor-element elementor-element-f71e2d8 elementor-widget elementor-widget-heading\" data-id=\"f71e2d8\" data-element_type=\"widget\" data-e-type=\"widget\" data-settings=\"{&quot;_animation&quot;:&quot;none&quot;,&quot;_animation_delay&quot;:200}\" data-widget_type=\"heading.default\">\n\t\t\t\t\t<h2 class=\"elementor-heading-title elementor-size-default\">Haftung<\/h2>\t\t\t\t<\/div>\n\t\t\t\t<div class=\"elementor-element elementor-element-b665b55 elementor-widget elementor-widget-text-editor\" data-id=\"b665b55\" data-element_type=\"widget\" data-e-type=\"widget\" data-widget_type=\"text-editor.default\">\n\t\t\t\t\t\t\t\t\t<p>Die Informationen, welche auf dieser Website zur Verf\u00fcgung gestellt sind, wurden mit gr\u00f6\u00dfter Sorgfalt zusammengestellt und werden regelm\u00e4\u00dfig aktualisiert. F\u00fcr die Richtigkeit, Vollst\u00e4ndigkeit und Aktualit\u00e4t der Inhalte \u00fcbernehmen wir jedoch keine Gew\u00e4hr. Daher schlie\u00dft die secida AG jede Haftung oder Garantie aus. Die secida AG beh\u00e4lt sich das Recht vor, jederzeit ohne Ank\u00fcndigung, \u00c4nderungen oder Erg\u00e4nzungen der Informationen vorzunehmen.<\/p>\t\t\t\t\t\t\t\t<\/div>\n\t\t\t\t\t<\/div>\n\t\t\t\t<\/div>\n\t\t\t\t<\/div>","protected":false},"excerpt":{"rendered":"<p>\u00dcber secida Kontaktinformation secida AGR\u00fcttenscheider Str. 12045131 Essen Email: info@secida.comTelefon: +49 201 565 747 80 Sitz der Gesellschaft: EssenHandelsregister: Amtsgericht Essen, HRB 30480 UST-ID-NR: DE326824621 Vorsitzender des Aufsichtsrats: Burkhard GroscheVorstand: Alpha B. Barry, Mark Benedikt Dietrich Copyright Unsere Website ist urheberrechtlich (Copyright) gesch\u00fctzt. Alle Rechte f\u00fcr den Inhalt und die Gestaltung vorbehalten. Der Inhalt sowie [&hellip;]<\/p>\n","protected":false},"author":4,"featured_media":0,"parent":0,"menu_order":0,"comment_status":"closed","ping_status":"closed","template":"","meta":{"footnotes":""},"class_list":["post-4028","page","type-page","status-publish","hentry"],"meta_box":[],"_links":{"self":[{"href":"https:\/\/secida.com\/en\/wp-json\/wp\/v2\/pages\/4028","targetHints":{"allow":["GET"]}}],"collection":[{"href":"https:\/\/secida.com\/en\/wp-json\/wp\/v2\/pages"}],"about":[{"href":"https:\/\/secida.com\/en\/wp-json\/wp\/v2\/types\/page"}],"author":[{"embeddable":true,"href":"https:\/\/secida.com\/en\/wp-json\/wp\/v2\/users\/4"}],"replies":[{"embeddable":true,"href":"https:\/\/secida.com\/en\/wp-json\/wp\/v2\/comments?post=4028"}],"version-history":[{"count":3,"href":"https:\/\/secida.com\/en\/wp-json\/wp\/v2\/pages\/4028\/revisions"}],"predecessor-version":[{"id":5122,"href":"https:\/\/secida.com\/en\/wp-json\/wp\/v2\/pages\/4028\/revisions\/5122"}],"wp:attachment":[{"href":"https:\/\/secida.com\/en\/wp-json\/wp\/v2\/media?parent=4028"}],"curies":[{"name":"wp","href":"https:\/\/api.w.org\/{rel}","templated":true}]}}