{"id":3,"date":"2025-10-21T10:04:00","date_gmt":"2025-10-21T10:04:00","guid":{"rendered":"https:\/\/secidarelaunch.secida.com\/?page_id=3"},"modified":"2026-05-11T17:21:06","modified_gmt":"2026-05-11T16:21:06","slug":"datenschutz","status":"publish","type":"page","link":"https:\/\/secida.com\/en\/datenschutz\/","title":{"rendered":"Data Protection"},"content":{"rendered":"<div data-elementor-type=\"wp-page\" data-elementor-id=\"3\" class=\"elementor elementor-3\" data-elementor-post-type=\"page\">\n\t\t\t\t<div class=\"elementor-element elementor-element-4585c6cd e-con-full e-flex e-con e-parent\" data-id=\"4585c6cd\" data-element_type=\"container\" data-e-type=\"container\" data-settings=\"{&quot;background_background&quot;:&quot;gradient&quot;}\">\n\t\t<div class=\"elementor-element elementor-element-46ee47da e-flex e-con-boxed e-con e-child\" data-id=\"46ee47da\" data-element_type=\"container\" data-e-type=\"container\">\n\t\t\t\t\t<div class=\"e-con-inner\">\n\t\t\t\t<div class=\"elementor-element elementor-element-2ac1d92a elementor-widget elementor-widget-heading\" data-id=\"2ac1d92a\" data-element_type=\"widget\" data-e-type=\"widget\" data-widget_type=\"heading.default\">\n\t\t\t\t\t<h6 class=\"elementor-heading-title elementor-size-default\">About secida<\/h6>\t\t\t\t<\/div>\n\t\t\t\t<div class=\"elementor-element elementor-element-50016fe8 elementor-widget elementor-widget-heading\" data-id=\"50016fe8\" data-element_type=\"widget\" data-e-type=\"widget\" data-widget_type=\"heading.default\">\n\t\t\t\t\t<h1 class=\"elementor-heading-title elementor-size-default\">Data Protection<\/h1>\t\t\t\t<\/div>\n\t\t\t\t\t<\/div>\n\t\t\t\t<\/div>\n\t\t\t\t<\/div>\n\t\t<div class=\"elementor-element elementor-element-7e3f2156 e-flex e-con-boxed e-con e-parent\" data-id=\"7e3f2156\" data-element_type=\"container\" data-e-type=\"container\" data-settings=\"{&quot;background_background&quot;:&quot;classic&quot;}\">\n\t\t\t\t\t<div class=\"e-con-inner\">\n\t\t\t\t<div class=\"elementor-element elementor-element-ecb31dc elementor-widget elementor-widget-text-editor\" data-id=\"ecb31dc\" data-element_type=\"widget\" data-e-type=\"widget\" data-widget_type=\"text-editor.default\">\n\t\t\t\t\t\t\t\t\t<p>Wir nehmen den Schutz Ihrer pers\u00f6nlichen Daten ernst und m\u00f6chten, dass Sie sich beim Besuch unserer Internet-Seiten sicher und wohl f\u00fchlen. Die Inhalte der Website werden zentral durch die secida AG bereitgestellt, so dass Websitebesucher Informationen \u00fcber unser Unternehmen abrufen k\u00f6nnen. Der Umgang mit personenbezogenen Daten folgt entsprechend der strengen Ma\u00dfgaben der DSGVO. Da uns der Schutz Ihrer Privatsph\u00e4re ein besonderes Anliegen ist, informieren wir Sie gerne nachfolgend \u00fcber die Erhebung personenbezogener Daten.<\/p>\n<p>Datenerhebung Sie k\u00f6nnen unsere Website grunds\u00e4tzlich anonym besuchen, d.h. ohne uns mitzuteilen, wer Sie sind. Ihre Daten werden zum einen dadurch erhoben, dass Sie uns diese mitteilen. Personenbezogene Daten speichern und verarbeiten wir nur, wenn Sie uns diese Angaben von sich aus mitteilen. Zum anderen werden automatisch beim Besuch der Website durch unsere IT-Systeme Daten erfasst. Das sind vor allem technische Daten (z.B. Internetbrowser, Betriebssystem oder Uhrzeit des Seitenaufrufs). Unsere Webserver verarbeiten standardm\u00e4\u00dfig die IP-Adresse mit der Sie auf unserer Website zugreifen, den Webauftritt von dem aus Sie unsere Website besuchen und die Dateien die Sie bei uns abrufen, sowie das Datum Ihres Besuches und allgemeine Informationen Ihres Browsers. Diese Daten werden erhoben, um eine fehlerfreie Bereitstellung der Website sowie die Sicherheit der Webserver zu gew\u00e4hrleisten. Auswertungen zu statistischen Zwecken erfolgen ausschlie\u00dflich in anonymisierter Form. Beim Besuch unserer Website kann Ihr Surf-Verhalten statistisch ausgewertet werden. Das geschieht vor allem mit Cookies und mit sogenannten Analyseprogrammen. Die Analyse Ihres Surf-Verhaltens erfolgt in der Regel anonym; das Surf-Verhalten kann nicht zu Ihnen zur\u00fcckverfolgt werden. Sie k\u00f6nnen dieser Analyse widersprechen oder sie durch die Nichtbenutzung bestimmter Tools verhindern<\/p>\t\t\t\t\t\t\t\t<\/div>\n\t\t\t\t<div class=\"elementor-element elementor-element-897d0bd elementor-widget elementor-widget-heading\" data-id=\"897d0bd\" data-element_type=\"widget\" data-e-type=\"widget\" data-settings=\"{&quot;_animation&quot;:&quot;none&quot;,&quot;_animation_delay&quot;:200}\" data-widget_type=\"heading.default\">\n\t\t\t\t\t<h3 class=\"elementor-heading-title elementor-size-default\">Widerruf- und Auskunftsrecht<\/h3>\t\t\t\t<\/div>\n\t\t\t\t<div class=\"elementor-element elementor-element-7b135c3 elementor-widget elementor-widget-text-editor\" data-id=\"7b135c3\" data-element_type=\"widget\" data-e-type=\"widget\" data-widget_type=\"text-editor.default\">\n\t\t\t\t\t\t\t\t\t<p>Sie haben jederzeit das Recht unentgeltlich Auskunft \u00fcber Herkunft, Empf\u00e4nger und Zweck Ihrer gespeicherten personenbezogenen Daten zu erhalten. Sie haben au\u00dferdem ein Recht, die Berichtigung, Sperrung oder L\u00f6schung dieser Daten zu verlangen. Hierzu sowie zu weiteren Fragen zum Thema Datenschutz k\u00f6nnen Sie sich jederzeit unter der im Impressum angegebenen Adresse an uns wenden oder unter info@secida.com. Des Weiteren steht Ihnen ein Beschwerderecht bei der zust\u00e4ndigen Aufsichtsbeh\u00f6rde zu.<\/p>\n<p><strong>Widerruf<\/strong> <br \/>Viele Datenverarbeitungsvorg\u00e4nge sind nur mit Ihrer ausdr\u00fccklichen Einwilligung m\u00f6glich. Sie k\u00f6nnen eine bereits erteilte Einwilligung jederzeit widerrufen. Dazu reicht eine formlose Mitteilung per E-Mail an uns. Die Rechtm\u00e4\u00dfigkeit der bis zum Widerruf erfolgten Datenverarbeitung bleibt vom Widerruf unber\u00fchrt.<\/p>\n<p><strong>Beschwerderecht bei der zust\u00e4ndigen Aufsichtsbeh\u00f6rde<br \/><\/strong>Zust\u00e4ndige Aufsichtsbeh\u00f6rde in datenschutzrechtlichen Fragen ist der Landesdatenschutzbeauftragte des Bundeslandes, in dem unser Unternehmen seinen Sitz hat. Eine Liste der Datenschutzbeauftragten sowie deren Kontaktdaten k\u00f6nnen folgendem Link entnommen werden:<a href=\"https:\/\/www.bfdi.bund.de\/DE\/Infothek\/Anschriften_Links\/anschriften_links-node.html\"> https:\/\/www.bfdi.bund.de\/DE\/Infothek\/Anschriften_Links\/anschriften_links-node.html<\/a>.<\/p>\t\t\t\t\t\t\t\t<\/div>\n\t\t\t\t<div class=\"elementor-element elementor-element-09caca5 elementor-widget elementor-widget-heading\" data-id=\"09caca5\" data-element_type=\"widget\" data-e-type=\"widget\" data-settings=\"{&quot;_animation&quot;:&quot;none&quot;,&quot;_animation_delay&quot;:200}\" data-widget_type=\"heading.default\">\n\t\t\t\t\t<h3 class=\"elementor-heading-title elementor-size-default\">Auswahl Ihrer Kommunikations- und Marketingeinstellungen<\/h3>\t\t\t\t<\/div>\n\t\t\t\t<div class=\"elementor-element elementor-element-2968f5f elementor-widget elementor-widget-text-editor\" data-id=\"2968f5f\" data-element_type=\"widget\" data-e-type=\"widget\" data-widget_type=\"text-editor.default\">\n\t\t\t\t\t\t\t\t\t<p data-start=\"156\" data-end=\"218\">Sie k\u00f6nnen festlegen, ob und in welchem Umfang Sie Marketinginformationen von uns erhalten m\u00f6chten. Wenn Sie k\u00fcnftig keine Marketingmitteilungen mehr w\u00fcnschen oder bereits \u00fcbermittelte Angaben \u00e4ndern oder korrigieren m\u00f6chten, kontaktieren Sie uns bitte unter <a href=\"mailto:sales@secida.com\">sales@secida.com<\/a>.\u00a0<\/p>\n<p data-start=\"1244\" data-end=\"1286\"><strong>Personalisierte E-Mail-Kommunikation<br \/><\/strong>Einige unserer Marketing-E-Mails k\u00f6nnen auf Sie zugeschnitten sein. Grundlage hierf\u00fcr sind Ihre Besuche auf unserer Website sowie Ihre bei uns gespeicherten Daten. Sie k\u00f6nnen dieser Verarbeitung jederzeit widersprechen, indem Sie auf den Abmeldelink klicken, der in jeder personalisierten E-Mail enthalten ist<\/p>\t\t\t\t\t\t\t\t<\/div>\n\t\t\t\t<div class=\"elementor-element elementor-element-9cd5170 elementor-widget elementor-widget-heading\" data-id=\"9cd5170\" data-element_type=\"widget\" data-e-type=\"widget\" data-settings=\"{&quot;_animation&quot;:&quot;none&quot;,&quot;_animation_delay&quot;:200}\" data-widget_type=\"heading.default\">\n\t\t\t\t\t<h3 class=\"elementor-heading-title elementor-size-default\">Verwendung von Cookies<\/h3>\t\t\t\t<\/div>\n\t\t\t\t<div class=\"elementor-element elementor-element-6042134 elementor-widget elementor-widget-text-editor\" data-id=\"6042134\" data-element_type=\"widget\" data-e-type=\"widget\" data-widget_type=\"text-editor.default\">\n\t\t\t\t\t\t\t\t\t<p>Internetseiten verwenden sogenannte Cookies. Dies sind Textdateien, die auf Ihrem Computer oder sonstigen Endger\u00e4t gespeichert werden. Cookies richten auf Ihrem Rechner keinen Schaden an und enthalten keine Viren. Cookies dienen dazu, unser Angebot nutzerfreundlicher, effektiver und sicherer zu machen. Durch sie k\u00f6nnen wir die Nutzung der Website analysieren und auch die Sicherheit verbessern und Betrugsversuchen vorbeugen. Die meisten der von uns verwendeten Cookies sind so genannte \u201cSession-Cookies\u201d. Sie werden nach Ende Ihres Besuchs automatisch gel\u00f6scht. Andere Cookies bleiben gespeichert bis Sie diese l\u00f6schen. Sofern Sie Cookies zulassen, erm\u00f6glicht uns dies, Ihren Browser beim n\u00e4chsten Besuch wiederzuerkennen. Cookies werden auf dem Rechner des Nutzers gespeichert und von diesem an unserer Seite \u00fcbermittelt. Daher haben Sie als Nutzer auch die volle Kontrolle \u00fcber die Verwendung von Cookies. Sie k\u00f6nnen in den Einstellungen Ihres Internetbrowsers bestimmen, dass Sie \u00fcber das Setzen von Cookies informiert werden und dies nicht automatisiert erfolgt. Sie k\u00f6nnen zudem Cookies nur im Einzelfall erlauben, die Annahme von Cookies f\u00fcr bestimmte F\u00e4lle oder generell ausschlie\u00dfen sowie das automatische L\u00f6schen der Cookies beim Schlie\u00dfen des Browser aktivieren. Sie k\u00f6nnen prinzipiell alle Informationen auf unserer Website auch abrufen, wenn Sie in Ihrem Internetbrowser Cookies deaktiviert haben. Wenn Sie keine Cookies akzeptieren, kann dieses zu Funktionseinschr\u00e4nkungen unserer Angebote f\u00fchren. F\u00fcr die Verarbeitung personenbezogener Daten unter Verwendung technisch notweniger Cookies verwenden wir folgende Rechtsgrundlage: Art. 6 Abs. 1 lit. f DSGVO. Diese gilt bei Vorliegen einer diesbez\u00fcglichen Einwilligung des Nutzers Art. 6 Abs. 1 lit. a DSGVO.<\/p>\t\t\t\t\t\t\t\t<\/div>\n\t\t\t\t\t<\/div>\n\t\t\t\t<\/div>\n\t\t\t\t<\/div>","protected":false},"excerpt":{"rendered":"<p>\u00dcber secida Datenschutz Wir nehmen den Schutz Ihrer pers\u00f6nlichen Daten ernst und m\u00f6chten, dass Sie sich beim Besuch unserer Internet-Seiten sicher und wohl f\u00fchlen. Die Inhalte der Website werden zentral durch die secida AG bereitgestellt, so dass Websitebesucher Informationen \u00fcber unser Unternehmen abrufen k\u00f6nnen. Der Umgang mit personenbezogenen Daten folgt entsprechend der strengen Ma\u00dfgaben der [&hellip;]<\/p>\n","protected":false},"author":2,"featured_media":0,"parent":0,"menu_order":0,"comment_status":"closed","ping_status":"closed","template":"","meta":{"footnotes":""},"class_list":["post-3","page","type-page","status-publish","hentry"],"meta_box":[],"_links":{"self":[{"href":"https:\/\/secida.com\/en\/wp-json\/wp\/v2\/pages\/3","targetHints":{"allow":["GET"]}}],"collection":[{"href":"https:\/\/secida.com\/en\/wp-json\/wp\/v2\/pages"}],"about":[{"href":"https:\/\/secida.com\/en\/wp-json\/wp\/v2\/types\/page"}],"author":[{"embeddable":true,"href":"https:\/\/secida.com\/en\/wp-json\/wp\/v2\/users\/2"}],"replies":[{"embeddable":true,"href":"https:\/\/secida.com\/en\/wp-json\/wp\/v2\/comments?post=3"}],"version-history":[{"count":3,"href":"https:\/\/secida.com\/en\/wp-json\/wp\/v2\/pages\/3\/revisions"}],"predecessor-version":[{"id":5119,"href":"https:\/\/secida.com\/en\/wp-json\/wp\/v2\/pages\/3\/revisions\/5119"}],"wp:attachment":[{"href":"https:\/\/secida.com\/en\/wp-json\/wp\/v2\/media?parent=3"}],"curies":[{"name":"wp","href":"https:\/\/api.w.org\/{rel}","templated":true}]}}